{"id":1971,"date":"2021-02-02T22:01:58","date_gmt":"2021-02-03T03:01:58","guid":{"rendered":"https:\/\/pentian.nelmediadev.com\/projets-dachat\/"},"modified":"2021-04-09T16:08:31","modified_gmt":"2021-04-09T20:08:31","slug":"projets-dachat","status":"publish","type":"page","link":"https:\/\/pentian.ca\/fr\/projets-dachat\/","title":{"rendered":"Projets d&rsquo;achat"},"content":{"rendered":"\t\t<div data-elementor-type=\"wp-page\" data-elementor-id=\"1971\" class=\"elementor elementor-1971 elementor-1363\" data-elementor-post-type=\"page\">\n\t\t\t\t\t\t<section data-dce-background-overlay-color=\"#00354C\" data-dce-background-image-url=\"https:\/\/pentian.ca\/wp-content\/uploads\/2020\/12\/Projects-bkg-Pentian.jpg\" data-dce-background-overlay-image-url=\"https:\/\/pentian.ca\/wp-content\/uploads\/2020\/12\/triangles-pentian.png\" class=\"elementor-section elementor-top-section elementor-element elementor-element-74ad23e elementor-section-content-middle elementor-reverse-tablet elementor-reverse-mobile elementor-section-boxed elementor-section-height-default elementor-section-height-default\" data-id=\"74ad23e\" data-element_type=\"section\" data-e-type=\"section\" data-settings=\"{&quot;background_background&quot;:&quot;classic&quot;}\">\n\t\t\t\t\t\t\t<div class=\"elementor-background-overlay\"><\/div>\n\t\t\t\t\t\t\t<div class=\"elementor-container elementor-column-gap-no\">\n\t\t\t\t\t<div class=\"elementor-column elementor-col-100 elementor-top-column elementor-element elementor-element-2581a7f\" data-id=\"2581a7f\" data-element_type=\"column\" data-e-type=\"column\">\n\t\t\t<div class=\"elementor-widget-wrap elementor-element-populated\">\n\t\t\t\t\t\t<div data-dce-title-color=\"#ffffff\" class=\"elementor-element elementor-element-bf69cdd elementor-widget elementor-widget-heading\" data-id=\"bf69cdd\" data-element_type=\"widget\" data-e-type=\"widget\" data-widget_type=\"heading.default\">\n\t\t\t\t<div class=\"elementor-widget-container\">\n\t\t\t\t\t<h1 class=\"elementor-heading-title elementor-size-default\">Projets d&rsquo;achat<\/h1>\t\t\t\t<\/div>\n\t\t\t\t<\/div>\n\t\t\t\t\t<\/div>\n\t\t<\/div>\n\t\t\t\t\t<\/div>\n\t\t<\/section>\n\t\t\t\t<section data-dce-background-overlay-image-url=\"https:\/\/pentian.ca\/wp-content\/uploads\/2020\/12\/triangles-pentian.png\" class=\"elementor-section elementor-top-section elementor-element elementor-element-12f1890 elementor-section-content-top elementor-section-boxed elementor-section-height-default elementor-section-height-default\" data-id=\"12f1890\" data-element_type=\"section\" data-e-type=\"section\" data-settings=\"{&quot;background_background&quot;:&quot;classic&quot;}\">\n\t\t\t\t\t\t\t<div class=\"elementor-background-overlay\"><\/div>\n\t\t\t\t\t\t\t<div class=\"elementor-container elementor-column-gap-no\">\n\t\t\t\t\t<div class=\"elementor-column elementor-col-100 elementor-top-column elementor-element elementor-element-230bf22\" data-id=\"230bf22\" data-element_type=\"column\" data-e-type=\"column\">\n\t\t\t<div class=\"elementor-widget-wrap elementor-element-populated\">\n\t\t\t\t\t\t<div class=\"elementor-element elementor-element-85c08eb elementor-widget elementor-widget-shortcode\" data-id=\"85c08eb\" data-element_type=\"widget\" data-e-type=\"widget\" data-widget_type=\"shortcode.default\">\n\t\t\t\t<div class=\"elementor-widget-container\">\n\t\t\t\t\t\t\t<div class=\"elementor-shortcode\">\n\n\n<div id=\"wpv-view-layout-1285-CATTR964aa265c7a687bf0e44a2d50da3648d\" class=\"js-wpv-view-layout js-wpv-layout-responsive js-wpv-view-layout-1285-CATTR964aa265c7a687bf0e44a2d50da3648d\" data-viewnumber=\"1285-CATTR964aa265c7a687bf0e44a2d50da3648d\" data-pagination=\"{&quot;id&quot;:1285,&quot;query&quot;:&quot;normal&quot;,&quot;type&quot;:&quot;disabled&quot;,&quot;effect&quot;:&quot;fade&quot;,&quot;duration&quot;:500,&quot;speed&quot;:5,&quot;pause_on_hover&quot;:&quot;disabled&quot;,&quot;stop_rollover&quot;:&quot;false&quot;,&quot;cache_pages&quot;:&quot;enabled&quot;,&quot;preload_images&quot;:&quot;enabled&quot;,&quot;preload_pages&quot;:&quot;enabled&quot;,&quot;preload_reach&quot;:1,&quot;spinner&quot;:&quot;builtin&quot;,&quot;spinner_image&quot;:&quot;https:\/\/pentian.ca\/wp-content\/plugins\/wp-views\/embedded\/res\/img\/ajax-loader.gif&quot;,&quot;callback_next&quot;:&quot;&quot;,&quot;manage_history&quot;:&quot;enabled&quot;,&quot;has_controls_in_form&quot;:&quot;disabled&quot;,&quot;infinite_tolerance&quot;:&quot;0&quot;,&quot;max_pages&quot;:0,&quot;page&quot;:1,&quot;base_permalink&quot;:&quot;\/fr\/wp-json\/wp\/v2\/pages\/1971?wpv_view_count=1285-CATTR964aa265c7a687bf0e44a2d50da3648d&amp;wpv_paged=WPV_PAGE_NUM&quot;,&quot;loop&quot;:{&quot;type&quot;:&quot;&quot;,&quot;name&quot;:&quot;&quot;,&quot;data&quot;:[],&quot;id&quot;:0}}\" data-permalink=\"\/fr\/wp-json\/wp\/v2\/pages\/1971?wpv_view_count=1285-CATTR964aa265c7a687bf0e44a2d50da3648d\">\n\n\t\n\t\n\t<div class=\"row\">\n      \n\t\t<div class=\"col-md-6 col-lg-4\"> <div class=\"center\"><p class=\"inline sale\">Pointe-claire<\/p><\/div>\n\n<div class=\"containerIMG\"><img fetchpriority=\"high\" fetchpriority=\"high\" fetchpriority=\"high\" decoding=\"async\" width=\"1024\" height=\"576\" src=\"https:\/\/pentian.ca\/wp-content\/uploads\/2022\/01\/Pentian-Seville-West-2-Condos-bkg-1024x576.jpg\" class=\"attachment-large size-large wp-post-image\" alt=\"Pentian-Seville West 2 Condos\" srcset=\"https:\/\/pentian.ca\/wp-content\/uploads\/2022\/01\/Pentian-Seville-West-2-Condos-bkg-1024x576.jpg 1024w, https:\/\/pentian.ca\/wp-content\/uploads\/2022\/01\/Pentian-Seville-West-2-Condos-bkg-300x169.jpg 300w, https:\/\/pentian.ca\/wp-content\/uploads\/2022\/01\/Pentian-Seville-West-2-Condos-bkg-768x432.jpg 768w, https:\/\/pentian.ca\/wp-content\/uploads\/2022\/01\/Pentian-Seville-West-2-Condos-bkg-1536x864.jpg 1536w, https:\/\/pentian.ca\/wp-content\/uploads\/2022\/01\/Pentian-Seville-West-2-Condos-bkg-2048x1152.jpg 2048w\" sizes=\"(max-width: 1024px) 100vw, 1024px\" \/><\/div>\n<div class=\"containAlign\">\n <p class=\"sale\">Achat<\/p>\n <p class=\"typeProjet\">Condos<\/p>\n <h3 class=\"titreProjet\"><a href=\"https:\/\/pentian.ca\/fr\/projet\/seville-west-2-condominiums\/\">Seville West 2 Condominiums<\/a><\/h3>\n <p class=\"\">244 Boul Hymus, Pointe-Claire, QC H9R 0H5, Canada<\/p>\n<\/div> \n  <p class=\"notes\">TERMIN\u00c9 - UNIT\u00c9S DISPONIBLES A LA VENTE<\/p><\/div>\n\t  \n\t\t<div class=\"col-md-6 col-lg-4\"> <div class=\"center\"><p class=\"inline sale\">Lachine <\/p><\/div>\n\n<div class=\"containerIMG\"><img decoding=\"async\" width=\"1024\" height=\"576\" src=\"https:\/\/pentian.ca\/wp-content\/uploads\/2020\/12\/Pentian-GARE-DU-CANAL-2-bkg-1024x576.jpg\" class=\"attachment-large size-large wp-post-image\" alt=\"Pentian GARE DU CANAL 2\" srcset=\"https:\/\/pentian.ca\/wp-content\/uploads\/2020\/12\/Pentian-GARE-DU-CANAL-2-bkg-1024x576.jpg 1024w, https:\/\/pentian.ca\/wp-content\/uploads\/2020\/12\/Pentian-GARE-DU-CANAL-2-bkg-300x169.jpg 300w, https:\/\/pentian.ca\/wp-content\/uploads\/2020\/12\/Pentian-GARE-DU-CANAL-2-bkg-768x432.jpg 768w, https:\/\/pentian.ca\/wp-content\/uploads\/2020\/12\/Pentian-GARE-DU-CANAL-2-bkg-1536x864.jpg 1536w, https:\/\/pentian.ca\/wp-content\/uploads\/2020\/12\/Pentian-GARE-DU-CANAL-2-bkg-2048x1152.jpg 2048w\" sizes=\"(max-width: 1024px) 100vw, 1024px\" \/><\/div>\n<div class=\"containAlign\">\n <p class=\"sale\">Achat<\/p>\n <p class=\"typeProjet\">Condos<\/p>\n <h3 class=\"titreProjet\"><a href=\"https:\/\/pentian.ca\/fr\/projet\/gare-du-canal-2-condominiums\/\">Gare du canal 2 condominiums<\/a><\/h3>\n <p class=\"\">300 Avenue George-V, Lachine, QC H8S 2R6, Canada<\/p>\n<\/div> \n  <p class=\"notes\">Projet termin\u00e9<\/p><\/div>\n\t  \n\t\t<div class=\"col-md-6 col-lg-4\"> <div class=\"center\"><p class=\"inline sale\">Pointe-claire<\/p><\/div>\n\n<div class=\"containerIMG\"><img decoding=\"async\" width=\"1024\" height=\"576\" src=\"https:\/\/pentian.ca\/wp-content\/uploads\/2021\/01\/Pentian-One-West-Condos-bkg-1024x576.jpg\" class=\"attachment-large size-large wp-post-image\" alt=\"Pentian One-West Condos\" srcset=\"https:\/\/pentian.ca\/wp-content\/uploads\/2021\/01\/Pentian-One-West-Condos-bkg-1024x576.jpg 1024w, https:\/\/pentian.ca\/wp-content\/uploads\/2021\/01\/Pentian-One-West-Condos-bkg-300x169.jpg 300w, https:\/\/pentian.ca\/wp-content\/uploads\/2021\/01\/Pentian-One-West-Condos-bkg-768x432.jpg 768w, https:\/\/pentian.ca\/wp-content\/uploads\/2021\/01\/Pentian-One-West-Condos-bkg-1536x864.jpg 1536w, https:\/\/pentian.ca\/wp-content\/uploads\/2021\/01\/Pentian-One-West-Condos-bkg-2048x1152.jpg 2048w\" sizes=\"(max-width: 1024px) 100vw, 1024px\" \/><\/div>\n<div class=\"containAlign\">\n <p class=\"sale\">Achat<\/p>\n <p class=\"typeProjet\">Condos<\/p>\n <h3 class=\"titreProjet\"><a href=\"https:\/\/pentian.ca\/fr\/projet\/quartier-one-west-condos\/\">Seville West 1 Condominiums<\/a><\/h3>\n <p class=\"\">248 Boul Hymus, Pointe-Claire, QC H9R 6C2, Canada<\/p>\n<\/div> \n  <p class=\"notes\">Termin\u00e9 - 93% vendu<\/p><\/div>\n\t  \n\t\t<div class=\"col-md-6 col-lg-4\"> <div class=\"center\"><p class=\"inline sale\">Laval\/Ste-Doroth\u00e9e<\/p><\/div>\n\n<div class=\"containerIMG\"><img loading=\"lazy\" loading=\"lazy\" loading=\"lazy\" decoding=\"async\" width=\"1024\" height=\"576\" src=\"https:\/\/pentian.ca\/wp-content\/uploads\/2021\/02\/Pentian-Domaine-Ilse-Mere-1024x576.jpg\" class=\"attachment-large size-large wp-post-image\" alt=\"Pentian Domaine Ilse Mere\" srcset=\"https:\/\/pentian.ca\/wp-content\/uploads\/2021\/02\/Pentian-Domaine-Ilse-Mere-1024x576.jpg 1024w, https:\/\/pentian.ca\/wp-content\/uploads\/2021\/02\/Pentian-Domaine-Ilse-Mere-300x169.jpg 300w, https:\/\/pentian.ca\/wp-content\/uploads\/2021\/02\/Pentian-Domaine-Ilse-Mere-768x432.jpg 768w, https:\/\/pentian.ca\/wp-content\/uploads\/2021\/02\/Pentian-Domaine-Ilse-Mere.jpg 1480w\" sizes=\"auto, (max-width: 1024px) 100vw, 1024px\" \/><\/div>\n<div class=\"containAlign\">\n <p class=\"sale\">Achat<\/p>\n <p class=\"typeProjet\">maisons de prestiges<\/p>\n <h3 class=\"titreProjet\"><a href=\"https:\/\/pentian.ca\/fr\/projet\/domaine-islesmere\/\">Domaine Islesm\u00e8re<\/a><\/h3>\n <p class=\"\">Rue Patrick, Laval, QC, Canada<\/p>\n<\/div> \n  <p class=\"notes\">Automne 2022<\/p><\/div>\n\t  \n\t<\/div>\n\t<div class=\"clear\"><\/div>\n\t\n\t\n\t\n<\/div>\n<\/div>\n\t\t\t\t\t\t<\/div>\n\t\t\t\t<\/div>\n\t\t\t\t\t<\/div>\n\t\t<\/div>\n\t\t\t\t\t<\/div>\n\t\t<\/section>\n\t\t\t\t<section data-dce-background-overlay-color=\"#1C97D3FC\" data-dce-background-image-url=\"https:\/\/pentian.ca\/wp-content\/uploads\/2020\/12\/triangles-pentian.png\" class=\"elementor-section elementor-top-section elementor-element elementor-element-d1910f6 elementor-section-content-top elementor-section-boxed elementor-section-height-default elementor-section-height-default\" data-id=\"d1910f6\" data-element_type=\"section\" data-e-type=\"section\" data-settings=\"{&quot;background_background&quot;:&quot;classic&quot;}\">\n\t\t\t\t\t\t\t<div class=\"elementor-background-overlay\"><\/div>\n\t\t\t\t\t\t\t<div class=\"elementor-container elementor-column-gap-no\">\n\t\t\t\t\t<div class=\"elementor-column elementor-col-50 elementor-top-column elementor-element elementor-element-92b3280\" data-id=\"92b3280\" data-element_type=\"column\" data-e-type=\"column\">\n\t\t\t<div class=\"elementor-widget-wrap elementor-element-populated\">\n\t\t\t\t\t\t<div class=\"elementor-element elementor-element-afa458a elementor-widget elementor-widget-heading\" data-id=\"afa458a\" data-element_type=\"widget\" data-e-type=\"widget\" data-widget_type=\"heading.default\">\n\t\t\t\t<div class=\"elementor-widget-container\">\n\t\t\t\t\t<h6 class=\"elementor-heading-title elementor-size-default\">\u00c0 propos de Pentian<\/h6>\t\t\t\t<\/div>\n\t\t\t\t<\/div>\n\t\t\t\t<div class=\"elementor-element elementor-element-aeba872 elementor-widget elementor-widget-heading\" data-id=\"aeba872\" data-element_type=\"widget\" data-e-type=\"widget\" data-widget_type=\"heading.default\">\n\t\t\t\t<div class=\"elementor-widget-container\">\n\t\t\t\t\t<h2 class=\"elementor-heading-title elementor-size-default\">D\u00e9couvrez<br>qui nous sommes<\/h2>\t\t\t\t<\/div>\n\t\t\t\t<\/div>\n\t\t\t\t<div class=\"elementor-element elementor-element-fd2f87f elementor-widget elementor-widget-text-editor\" data-id=\"fd2f87f\" data-element_type=\"widget\" data-e-type=\"widget\" data-widget_type=\"text-editor.default\">\n\t\t\t\t<div class=\"elementor-widget-container\">\n\t\t\t\t\t\t\t\t\t<p>Depuis ses premiers jours, le Groupe Pentian a pour mission de d\u00e9velopper des constructions de la plus haute qualit\u00e9 afin de r\u00e9pondre aux exigences d\u2019une client\u00e8le bien renseign\u00e9e. <\/p>\n\t\t\t\t\t\t\t\t<\/div>\n\t\t\t\t<\/div>\n\t\t\t\t<div class=\"elementor-element elementor-element-1fafa29 elementor-mobile-align-center elementor-widget elementor-widget-button\" data-id=\"1fafa29\" data-element_type=\"widget\" data-e-type=\"widget\" data-widget_type=\"button.default\">\n\t\t\t\t<div class=\"elementor-widget-container\">\n\t\t\t\t\t\t\t\t\t<div class=\"elementor-button-wrapper\">\n\t\t\t\t\t<a class=\"elementor-button elementor-button-link elementor-size-sm\" href=\"https:\/\/pentian.ca\/fr\/a-propos\/\">\n\t\t\t\t\t\t<span class=\"elementor-button-content-wrapper\">\n\t\t\t\t\t\t\t\t\t<span class=\"elementor-button-text\">En savoir plus sur Pentian<\/span>\n\t\t\t\t\t<\/span>\n\t\t\t\t\t<\/a>\n\t\t\t\t<\/div>\n\t\t\t\t\t\t\t\t<\/div>\n\t\t\t\t<\/div>\n\t\t\t\t\t<\/div>\n\t\t<\/div>\n\t\t\t\t<div class=\"elementor-column elementor-col-50 elementor-top-column elementor-element elementor-element-9391bae\" data-id=\"9391bae\" data-element_type=\"column\" data-e-type=\"column\">\n\t\t\t<div class=\"elementor-widget-wrap elementor-element-populated\">\n\t\t\t\t\t\t<div class=\"elementor-element elementor-element-8ad15c0 elementor-hidden-phone elementor-widget elementor-widget-image\" data-id=\"8ad15c0\" data-element_type=\"widget\" data-e-type=\"widget\" data-widget_type=\"image.default\">\n\t\t\t\t<div class=\"elementor-widget-container\">\n\t\t\t\t\t\t\t\t\t\t\t\t\t\t\t<img loading=\"lazy\" decoding=\"async\" width=\"601\" height=\"400\" src=\"https:\/\/pentian.ca\/wp-content\/uploads\/2020\/12\/Groupe-Pentian-developpers.jpg\" class=\"attachment-full size-full wp-image-1900\" alt=\"\" srcset=\"https:\/\/pentian.ca\/wp-content\/uploads\/2020\/12\/Groupe-Pentian-developpers.jpg 601w, https:\/\/pentian.ca\/wp-content\/uploads\/2020\/12\/Groupe-Pentian-developpers-300x200.jpg 300w\" sizes=\"(max-width: 601px) 100vw, 601px\" \/>\t\t\t\t\t\t\t\t\t\t\t\t\t\t\t<\/div>\n\t\t\t\t<\/div>\n\t\t\t\t\t<\/div>\n\t\t<\/div>\n\t\t\t\t\t<\/div>\n\t\t<\/section>\n\t\t\t\t<\/div>\n\t\t","protected":false},"excerpt":{"rendered":"<p>\u00c0 propos de Pentian D\u00e9couvrezqui nous sommes Depuis ses premiers jours, le Groupe Pentian a pour mission de d\u00e9velopper des constructions de la plus haute qualit\u00e9 afin de r\u00e9pondre aux exigences d\u2019une client\u00e8le bien renseign\u00e9e. En savoir plus sur Pentian<\/p>\n","protected":false},"author":3,"featured_media":0,"parent":0,"menu_order":0,"comment_status":"closed","ping_status":"closed","template":"","meta":{"site-sidebar-layout":"no-sidebar","site-content-layout":"page-builder","ast-site-content-layout":"default","site-content-style":"default","site-sidebar-style":"default","ast-global-header-display":"","ast-banner-title-visibility":"","ast-main-header-display":"","ast-hfb-above-header-display":"","ast-hfb-below-header-display":"","ast-hfb-mobile-header-display":"","site-post-title":"disabled","ast-breadcrumbs-content":"disabled","ast-featured-img":"disabled","footer-sml-layout":"","ast-disable-related-posts":"","theme-transparent-header-meta":"enabled","adv-header-id-meta":"","stick-header-meta":"","header-above-stick-meta":"","header-main-stick-meta":"","header-below-stick-meta":"","astra-migrate-meta-layouts":"default","ast-page-background-enabled":"default","ast-page-background-meta":{"desktop":{"background-color":"","background-image":"","background-repeat":"repeat","background-position":"center center","background-size":"auto","background-attachment":"scroll","background-type":"","background-media":"","overlay-type":"","overlay-color":"","overlay-opacity":"","overlay-gradient":""},"tablet":{"background-color":"","background-image":"","background-repeat":"repeat","background-position":"center center","background-size":"auto","background-attachment":"scroll","background-type":"","background-media":"","overlay-type":"","overlay-color":"","overlay-opacity":"","overlay-gradient":""},"mobile":{"background-color":"","background-image":"","background-repeat":"repeat","background-position":"center center","background-size":"auto","background-attachment":"scroll","background-type":"","background-media":"","overlay-type":"","overlay-color":"","overlay-opacity":"","overlay-gradient":""}},"ast-content-background-meta":{"desktop":{"background-color":"var(--ast-global-color-5)","background-image":"","background-repeat":"repeat","background-position":"center center","background-size":"auto","background-attachment":"scroll","background-type":"","background-media":"","overlay-type":"","overlay-color":"","overlay-opacity":"","overlay-gradient":""},"tablet":{"background-color":"var(--ast-global-color-5)","background-image":"","background-repeat":"repeat","background-position":"center center","background-size":"auto","background-attachment":"scroll","background-type":"","background-media":"","overlay-type":"","overlay-color":"","overlay-opacity":"","overlay-gradient":""},"mobile":{"background-color":"var(--ast-global-color-5)","background-image":"","background-repeat":"repeat","background-position":"center center","background-size":"auto","background-attachment":"scroll","background-type":"","background-media":"","overlay-type":"","overlay-color":"","overlay-opacity":"","overlay-gradient":""}},"footnotes":""},"class_list":["post-1971","page","type-page","status-publish","hentry"],"yoast_head":"<!-- This site is optimized with the Yoast SEO plugin v27.5 - https:\/\/yoast.com\/product\/yoast-seo-wordpress\/ -->\n<title>Projets d&#039;achat - Groupe Pentian<\/title>\n<meta name=\"robots\" content=\"index, follow, max-snippet:-1, max-image-preview:large, max-video-preview:-1\" \/>\n<link rel=\"canonical\" href=\"https:\/\/pentian.ca\/fr\/projets-dachat\/\" \/>\n<meta property=\"og:locale\" content=\"fr_FR\" \/>\n<meta property=\"og:type\" content=\"article\" \/>\n<meta property=\"og:title\" content=\"Projets d&#039;achat - Groupe Pentian\" \/>\n<meta property=\"og:description\" content=\"\u00c0 propos de Pentian D\u00e9couvrezqui nous sommes Depuis ses premiers jours, le Groupe Pentian a pour mission de d\u00e9velopper des constructions de la plus haute qualit\u00e9 afin de r\u00e9pondre aux exigences d\u2019une client\u00e8le bien renseign\u00e9e. En savoir plus sur Pentian\" \/>\n<meta property=\"og:url\" content=\"https:\/\/pentian.ca\/fr\/projets-dachat\/\" \/>\n<meta property=\"og:site_name\" content=\"Groupe Pentian\" \/>\n<meta property=\"article:publisher\" content=\"https:\/\/www.facebook.com\/Groupe-Pentian-630124470364164\" \/>\n<meta property=\"article:modified_time\" content=\"2021-04-09T20:08:31+00:00\" \/>\n<meta property=\"og:image\" content=\"https:\/\/pentian.ca\/wp-content\/uploads\/2020\/12\/Groupe-Pentian-developpers.jpg\" \/>\n<meta name=\"twitter:card\" content=\"summary_large_image\" \/>\n<script type=\"application\/ld+json\" class=\"yoast-schema-graph\">{\"@context\":\"https:\\\/\\\/schema.org\",\"@graph\":[{\"@type\":\"WebPage\",\"@id\":\"https:\\\/\\\/pentian.ca\\\/fr\\\/projets-dachat\\\/\",\"url\":\"https:\\\/\\\/pentian.ca\\\/fr\\\/projets-dachat\\\/\",\"name\":\"Projets d'achat - Groupe Pentian\",\"isPartOf\":{\"@id\":\"https:\\\/\\\/pentian.ca\\\/fr\\\/#website\"},\"primaryImageOfPage\":{\"@id\":\"https:\\\/\\\/pentian.ca\\\/fr\\\/projets-dachat\\\/#primaryimage\"},\"image\":{\"@id\":\"https:\\\/\\\/pentian.ca\\\/fr\\\/projets-dachat\\\/#primaryimage\"},\"thumbnailUrl\":\"https:\\\/\\\/pentian.ca\\\/wp-content\\\/uploads\\\/2020\\\/12\\\/Groupe-Pentian-developpers.jpg\",\"datePublished\":\"2021-02-03T03:01:58+00:00\",\"dateModified\":\"2021-04-09T20:08:31+00:00\",\"breadcrumb\":{\"@id\":\"https:\\\/\\\/pentian.ca\\\/fr\\\/projets-dachat\\\/#breadcrumb\"},\"inLanguage\":\"fr-FR\",\"potentialAction\":[{\"@type\":\"ReadAction\",\"target\":[\"https:\\\/\\\/pentian.ca\\\/fr\\\/projets-dachat\\\/\"]}]},{\"@type\":\"ImageObject\",\"inLanguage\":\"fr-FR\",\"@id\":\"https:\\\/\\\/pentian.ca\\\/fr\\\/projets-dachat\\\/#primaryimage\",\"url\":\"https:\\\/\\\/pentian.ca\\\/wp-content\\\/uploads\\\/2020\\\/12\\\/Groupe-Pentian-developpers.jpg\",\"contentUrl\":\"https:\\\/\\\/pentian.ca\\\/wp-content\\\/uploads\\\/2020\\\/12\\\/Groupe-Pentian-developpers.jpg\"},{\"@type\":\"BreadcrumbList\",\"@id\":\"https:\\\/\\\/pentian.ca\\\/fr\\\/projets-dachat\\\/#breadcrumb\",\"itemListElement\":[{\"@type\":\"ListItem\",\"position\":1,\"name\":\"Accueil\",\"item\":\"https:\\\/\\\/pentian.ca\\\/fr\\\/\"},{\"@type\":\"ListItem\",\"position\":2,\"name\":\"Projets d&rsquo;achat\"}]},{\"@type\":\"WebSite\",\"@id\":\"https:\\\/\\\/pentian.ca\\\/fr\\\/#website\",\"url\":\"https:\\\/\\\/pentian.ca\\\/fr\\\/\",\"name\":\"Groupe Pentian\",\"description\":\"MASTER BUILDER AND REAL ESTATE DEVELOPER SINCE 1997\",\"publisher\":{\"@id\":\"https:\\\/\\\/pentian.ca\\\/fr\\\/#organization\"},\"potentialAction\":[{\"@type\":\"SearchAction\",\"target\":{\"@type\":\"EntryPoint\",\"urlTemplate\":\"https:\\\/\\\/pentian.ca\\\/fr\\\/?s={search_term_string}\"},\"query-input\":{\"@type\":\"PropertyValueSpecification\",\"valueRequired\":true,\"valueName\":\"search_term_string\"}}],\"inLanguage\":\"fr-FR\"},{\"@type\":\"Organization\",\"@id\":\"https:\\\/\\\/pentian.ca\\\/fr\\\/#organization\",\"name\":\"Pentian Group\",\"url\":\"https:\\\/\\\/pentian.ca\\\/fr\\\/\",\"logo\":{\"@type\":\"ImageObject\",\"inLanguage\":\"fr-FR\",\"@id\":\"https:\\\/\\\/pentian.ca\\\/fr\\\/#\\\/schema\\\/logo\\\/image\\\/\",\"url\":\"https:\\\/\\\/pentian.ca\\\/wp-content\\\/uploads\\\/2021\\\/04\\\/GROUPE-PENTIAN_LOGO-2015.png\",\"contentUrl\":\"https:\\\/\\\/pentian.ca\\\/wp-content\\\/uploads\\\/2021\\\/04\\\/GROUPE-PENTIAN_LOGO-2015.png\",\"width\":1500,\"height\":916,\"caption\":\"Pentian Group\"},\"image\":{\"@id\":\"https:\\\/\\\/pentian.ca\\\/fr\\\/#\\\/schema\\\/logo\\\/image\\\/\"},\"sameAs\":[\"https:\\\/\\\/www.facebook.com\\\/Groupe-Pentian-630124470364164\",\"https:\\\/\\\/www.instagram.com\\\/groupepentian\\\/?hl=fr\",\"https:\\\/\\\/www.linkedin.com\\\/company\\\/groupe-pentian\\\/\"]}]}<\/script>\n<!-- \/ Yoast SEO plugin. -->","yoast_head_json":{"title":"Projets d'achat - Groupe Pentian","robots":{"index":"index","follow":"follow","max-snippet":"max-snippet:-1","max-image-preview":"max-image-preview:large","max-video-preview":"max-video-preview:-1"},"canonical":"https:\/\/pentian.ca\/fr\/projets-dachat\/","og_locale":"fr_FR","og_type":"article","og_title":"Projets d'achat - Groupe Pentian","og_description":"\u00c0 propos de Pentian D\u00e9couvrezqui nous sommes Depuis ses premiers jours, le Groupe Pentian a pour mission de d\u00e9velopper des constructions de la plus haute qualit\u00e9 afin de r\u00e9pondre aux exigences d\u2019une client\u00e8le bien renseign\u00e9e. En savoir plus sur Pentian","og_url":"https:\/\/pentian.ca\/fr\/projets-dachat\/","og_site_name":"Groupe Pentian","article_publisher":"https:\/\/www.facebook.com\/Groupe-Pentian-630124470364164","article_modified_time":"2021-04-09T20:08:31+00:00","og_image":[{"url":"https:\/\/pentian.ca\/wp-content\/uploads\/2020\/12\/Groupe-Pentian-developpers.jpg","type":"","width":"","height":""}],"twitter_card":"summary_large_image","schema":{"@context":"https:\/\/schema.org","@graph":[{"@type":"WebPage","@id":"https:\/\/pentian.ca\/fr\/projets-dachat\/","url":"https:\/\/pentian.ca\/fr\/projets-dachat\/","name":"Projets d'achat - Groupe Pentian","isPartOf":{"@id":"https:\/\/pentian.ca\/fr\/#website"},"primaryImageOfPage":{"@id":"https:\/\/pentian.ca\/fr\/projets-dachat\/#primaryimage"},"image":{"@id":"https:\/\/pentian.ca\/fr\/projets-dachat\/#primaryimage"},"thumbnailUrl":"https:\/\/pentian.ca\/wp-content\/uploads\/2020\/12\/Groupe-Pentian-developpers.jpg","datePublished":"2021-02-03T03:01:58+00:00","dateModified":"2021-04-09T20:08:31+00:00","breadcrumb":{"@id":"https:\/\/pentian.ca\/fr\/projets-dachat\/#breadcrumb"},"inLanguage":"fr-FR","potentialAction":[{"@type":"ReadAction","target":["https:\/\/pentian.ca\/fr\/projets-dachat\/"]}]},{"@type":"ImageObject","inLanguage":"fr-FR","@id":"https:\/\/pentian.ca\/fr\/projets-dachat\/#primaryimage","url":"https:\/\/pentian.ca\/wp-content\/uploads\/2020\/12\/Groupe-Pentian-developpers.jpg","contentUrl":"https:\/\/pentian.ca\/wp-content\/uploads\/2020\/12\/Groupe-Pentian-developpers.jpg"},{"@type":"BreadcrumbList","@id":"https:\/\/pentian.ca\/fr\/projets-dachat\/#breadcrumb","itemListElement":[{"@type":"ListItem","position":1,"name":"Accueil","item":"https:\/\/pentian.ca\/fr\/"},{"@type":"ListItem","position":2,"name":"Projets d&rsquo;achat"}]},{"@type":"WebSite","@id":"https:\/\/pentian.ca\/fr\/#website","url":"https:\/\/pentian.ca\/fr\/","name":"Groupe Pentian","description":"MASTER BUILDER AND REAL ESTATE DEVELOPER SINCE 1997","publisher":{"@id":"https:\/\/pentian.ca\/fr\/#organization"},"potentialAction":[{"@type":"SearchAction","target":{"@type":"EntryPoint","urlTemplate":"https:\/\/pentian.ca\/fr\/?s={search_term_string}"},"query-input":{"@type":"PropertyValueSpecification","valueRequired":true,"valueName":"search_term_string"}}],"inLanguage":"fr-FR"},{"@type":"Organization","@id":"https:\/\/pentian.ca\/fr\/#organization","name":"Pentian Group","url":"https:\/\/pentian.ca\/fr\/","logo":{"@type":"ImageObject","inLanguage":"fr-FR","@id":"https:\/\/pentian.ca\/fr\/#\/schema\/logo\/image\/","url":"https:\/\/pentian.ca\/wp-content\/uploads\/2021\/04\/GROUPE-PENTIAN_LOGO-2015.png","contentUrl":"https:\/\/pentian.ca\/wp-content\/uploads\/2021\/04\/GROUPE-PENTIAN_LOGO-2015.png","width":1500,"height":916,"caption":"Pentian Group"},"image":{"@id":"https:\/\/pentian.ca\/fr\/#\/schema\/logo\/image\/"},"sameAs":["https:\/\/www.facebook.com\/Groupe-Pentian-630124470364164","https:\/\/www.instagram.com\/groupepentian\/?hl=fr","https:\/\/www.linkedin.com\/company\/groupe-pentian\/"]}]}},"_links":{"self":[{"href":"https:\/\/pentian.ca\/fr\/wp-json\/wp\/v2\/pages\/1971","targetHints":{"allow":["GET"]}}],"collection":[{"href":"https:\/\/pentian.ca\/fr\/wp-json\/wp\/v2\/pages"}],"about":[{"href":"https:\/\/pentian.ca\/fr\/wp-json\/wp\/v2\/types\/page"}],"author":[{"embeddable":true,"href":"https:\/\/pentian.ca\/fr\/wp-json\/wp\/v2\/users\/3"}],"replies":[{"embeddable":true,"href":"https:\/\/pentian.ca\/fr\/wp-json\/wp\/v2\/comments?post=1971"}],"version-history":[{"count":0,"href":"https:\/\/pentian.ca\/fr\/wp-json\/wp\/v2\/pages\/1971\/revisions"}],"wp:attachment":[{"href":"https:\/\/pentian.ca\/fr\/wp-json\/wp\/v2\/media?parent=1971"}],"curies":[{"name":"wp","href":"https:\/\/api.w.org\/{rel}","templated":true}]}}