{"id":2339,"date":"2021-03-11T13:10:08","date_gmt":"2021-03-11T18:10:08","guid":{"rendered":"https:\/\/pentian.nelmediadev.com\/financement\/"},"modified":"2021-04-11T21:13:13","modified_gmt":"2021-04-12T01:13:13","slug":"financement","status":"publish","type":"page","link":"https:\/\/pentian.ca\/fr\/financement\/","title":{"rendered":"Financement"},"content":{"rendered":"\t\t<div data-elementor-type=\"wp-page\" data-elementor-id=\"2339\" class=\"elementor elementor-2339 elementor-2285\" data-elementor-post-type=\"page\">\n\t\t\t\t\t\t<section data-dce-background-image-url=\"https:\/\/pentian.ca\/wp-content\/uploads\/2020\/12\/office-pentian.jpg\" data-dce-background-overlay-image-url=\"https:\/\/pentian.ca\/wp-content\/uploads\/2020\/12\/triangles-pentian.png\" class=\"elementor-section elementor-top-section elementor-element elementor-element-51b0775 elementor-section-content-middle elementor-reverse-tablet elementor-reverse-mobile elementor-section-boxed elementor-section-height-default elementor-section-height-default\" data-id=\"51b0775\" data-element_type=\"section\" data-e-type=\"section\" data-settings=\"{&quot;background_background&quot;:&quot;classic&quot;}\">\n\t\t\t\t\t\t\t<div class=\"elementor-background-overlay\"><\/div>\n\t\t\t\t\t\t\t<div class=\"elementor-container elementor-column-gap-no\">\n\t\t\t\t\t<div class=\"elementor-column elementor-col-100 elementor-top-column elementor-element elementor-element-fe93b87\" data-id=\"fe93b87\" data-element_type=\"column\" data-e-type=\"column\">\n\t\t\t<div class=\"elementor-widget-wrap elementor-element-populated\">\n\t\t\t\t\t\t<div data-dce-title-color=\"#ffffff\" class=\"elementor-element elementor-element-cc6ff6c elementor-widget elementor-widget-heading\" data-id=\"cc6ff6c\" data-element_type=\"widget\" data-e-type=\"widget\" data-widget_type=\"heading.default\">\n\t\t\t\t<div class=\"elementor-widget-container\">\n\t\t\t\t\t<h1 class=\"elementor-heading-title elementor-size-default\">Financement<\/h1>\t\t\t\t<\/div>\n\t\t\t\t<\/div>\n\t\t\t\t\t<\/div>\n\t\t<\/div>\n\t\t\t\t\t<\/div>\n\t\t<\/section>\n\t\t\t\t<section data-dce-background-overlay-image-url=\"https:\/\/pentian.ca\/wp-content\/uploads\/2020\/12\/triangles-pentian.png\" class=\"elementor-section elementor-top-section elementor-element elementor-element-70bf148 elementor-section-content-top elementor-section-boxed elementor-section-height-default elementor-section-height-default\" data-id=\"70bf148\" data-element_type=\"section\" data-e-type=\"section\" data-settings=\"{&quot;background_background&quot;:&quot;classic&quot;}\">\n\t\t\t\t\t\t\t<div class=\"elementor-background-overlay\"><\/div>\n\t\t\t\t\t\t\t<div class=\"elementor-container elementor-column-gap-no\">\n\t\t\t\t\t<div class=\"elementor-column elementor-col-100 elementor-top-column elementor-element elementor-element-bc39fe0\" data-id=\"bc39fe0\" data-element_type=\"column\" data-e-type=\"column\">\n\t\t\t<div class=\"elementor-widget-wrap elementor-element-populated\">\n\t\t\t\t\t\t<div class=\"elementor-element elementor-element-dc54482 elementor-widget elementor-widget-heading\" data-id=\"dc54482\" data-element_type=\"widget\" data-e-type=\"widget\" data-widget_type=\"heading.default\">\n\t\t\t\t<div class=\"elementor-widget-container\">\n\t\t\t\t\t<h2 class=\"elementor-heading-title elementor-size-default\">Obtenez du financement pour votre nouvelle maison :<\/h2>\t\t\t\t<\/div>\n\t\t\t\t<\/div>\n\t\t\t\t<section class=\"elementor-section elementor-inner-section elementor-element elementor-element-b904c1b elementor-section-boxed elementor-section-height-default elementor-section-height-default\" data-id=\"b904c1b\" data-element_type=\"section\" data-e-type=\"section\">\n\t\t\t\t\t\t<div class=\"elementor-container elementor-column-gap-default\">\n\t\t\t\t\t<div class=\"elementor-column elementor-col-33 elementor-inner-column elementor-element elementor-element-f45ae52\" data-id=\"f45ae52\" data-element_type=\"column\" data-e-type=\"column\">\n\t\t\t<div class=\"elementor-widget-wrap elementor-element-populated\">\n\t\t\t\t\t\t<div class=\"elementor-element elementor-element-1ec8404 elementor-position-top elementor-widget elementor-widget-image-box\" data-id=\"1ec8404\" data-element_type=\"widget\" data-e-type=\"widget\" data-widget_type=\"image-box.default\">\n\t\t\t\t<div class=\"elementor-widget-container\">\n\t\t\t\t\t<div class=\"elementor-image-box-wrapper\"><figure class=\"elementor-image-box-img\"><a href=\"https:\/\/www.bmo.com\/main\/personal\/mortgages\/calculators\/\" tabindex=\"-1\"><img fetchpriority=\"high\" decoding=\"async\" width=\"432\" height=\"216\" src=\"https:\/\/pentian.ca\/wp-content\/uploads\/2021\/03\/bmo.gif\" class=\"attachment-full size-full wp-image-2290\" alt=\"\" \/><\/a><\/figure><div class=\"elementor-image-box-content\"><p class=\"elementor-image-box-description\"><b>Calculez les versements de votre pr\u00eat hypoth\u00e9caire<\/b><br>Venez nous visiter pour plus de d\u00e9tails concernant nos taux hypoth\u00e9caires pr\u00e9f\u00e9rentiels.<\/p><\/div><\/div>\t\t\t\t<\/div>\n\t\t\t\t<\/div>\n\t\t\t\t\t<\/div>\n\t\t<\/div>\n\t\t\t\t<div class=\"elementor-column elementor-col-33 elementor-inner-column elementor-element elementor-element-45ef945\" data-id=\"45ef945\" data-element_type=\"column\" data-e-type=\"column\">\n\t\t\t<div class=\"elementor-widget-wrap elementor-element-populated\">\n\t\t\t\t\t\t<div class=\"elementor-element elementor-element-39c1c0b elementor-position-top elementor-widget elementor-widget-image-box\" data-id=\"39c1c0b\" data-element_type=\"widget\" data-e-type=\"widget\" data-widget_type=\"image-box.default\">\n\t\t\t\t<div class=\"elementor-widget-container\">\n\t\t\t\t\t<div class=\"elementor-image-box-wrapper\"><figure class=\"elementor-image-box-img\"><a href=\"https:\/\/www.desjardins.com\/ca\/tools\/index.jsp#outil-s1-c5\" tabindex=\"-1\"><img decoding=\"async\" width=\"780\" height=\"390\" src=\"https:\/\/pentian.ca\/wp-content\/uploads\/2021\/03\/DESJARDINS1_1521147192.jpg\" class=\"attachment-full size-full wp-image-2294\" alt=\"\" srcset=\"https:\/\/pentian.ca\/wp-content\/uploads\/2021\/03\/DESJARDINS1_1521147192.jpg 780w, https:\/\/pentian.ca\/wp-content\/uploads\/2021\/03\/DESJARDINS1_1521147192-300x150.jpg 300w, https:\/\/pentian.ca\/wp-content\/uploads\/2021\/03\/DESJARDINS1_1521147192-768x384.jpg 768w\" sizes=\"(max-width: 780px) 100vw, 780px\" \/><\/a><\/figure><div class=\"elementor-image-box-content\"><p class=\"elementor-image-box-description\"><b>Calculez les versements de votre pr\u00eat hypoth\u00e9caire<\/b><br>Venez nous visiter pour plus de d\u00e9tails concernant nos taux hypoth\u00e9caires pr\u00e9f\u00e9rentiels.<\/p><\/div><\/div>\t\t\t\t<\/div>\n\t\t\t\t<\/div>\n\t\t\t\t\t<\/div>\n\t\t<\/div>\n\t\t\t\t<div class=\"elementor-column elementor-col-33 elementor-inner-column elementor-element elementor-element-7b19382\" data-id=\"7b19382\" data-element_type=\"column\" data-e-type=\"column\">\n\t\t\t<div class=\"elementor-widget-wrap elementor-element-populated\">\n\t\t\t\t\t\t<div class=\"elementor-element elementor-element-5a7f50e elementor-position-top elementor-widget elementor-widget-image-box\" data-id=\"5a7f50e\" data-element_type=\"widget\" data-e-type=\"widget\" data-widget_type=\"image-box.default\">\n\t\t\t\t<div class=\"elementor-widget-container\">\n\t\t\t\t\t<div class=\"elementor-image-box-wrapper\"><figure class=\"elementor-image-box-img\"><a href=\"https:\/\/www.laurentianbank.ca\/en\/index.sn\" tabindex=\"-1\"><img decoding=\"async\" width=\"780\" height=\"390\" src=\"https:\/\/pentian.ca\/wp-content\/uploads\/2021\/03\/Banque_Laurentienne_logo-2.png\" class=\"attachment-full size-full wp-image-2300\" alt=\"\" srcset=\"https:\/\/pentian.ca\/wp-content\/uploads\/2021\/03\/Banque_Laurentienne_logo-2.png 780w, https:\/\/pentian.ca\/wp-content\/uploads\/2021\/03\/Banque_Laurentienne_logo-2-300x150.png 300w, https:\/\/pentian.ca\/wp-content\/uploads\/2021\/03\/Banque_Laurentienne_logo-2-768x384.png 768w\" sizes=\"(max-width: 780px) 100vw, 780px\" \/><\/a><\/figure><div class=\"elementor-image-box-content\"><p class=\"elementor-image-box-description\"><b>Outil de calcul de remboursement hypoth\u00e9caire<\/b><br>Venez nous visiter pour plus de d\u00e9tails concernant nos taux hypoth\u00e9caires pr\u00e9f\u00e9rentiels<\/p><\/div><\/div>\t\t\t\t<\/div>\n\t\t\t\t<\/div>\n\t\t\t\t\t<\/div>\n\t\t<\/div>\n\t\t\t\t\t<\/div>\n\t\t<\/section>\n\t\t\t\t\t<\/div>\n\t\t<\/div>\n\t\t\t\t\t<\/div>\n\t\t<\/section>\n\t\t\t\t<section data-dce-background-overlay-image-url=\"https:\/\/pentian.ca\/wp-content\/uploads\/2020\/12\/triangles-pentian.png\" class=\"elementor-section elementor-top-section elementor-element elementor-element-d2484ea elementor-section-content-top elementor-section-boxed elementor-section-height-default elementor-section-height-default\" data-id=\"d2484ea\" data-element_type=\"section\" data-e-type=\"section\" data-settings=\"{&quot;background_background&quot;:&quot;classic&quot;}\">\n\t\t\t\t\t\t\t<div class=\"elementor-background-overlay\"><\/div>\n\t\t\t\t\t\t\t<div class=\"elementor-container elementor-column-gap-no\">\n\t\t\t\t\t<div class=\"elementor-column elementor-col-50 elementor-top-column elementor-element elementor-element-68ffa61\" data-id=\"68ffa61\" data-element_type=\"column\" data-e-type=\"column\">\n\t\t\t<div class=\"elementor-widget-wrap elementor-element-populated\">\n\t\t\t\t\t\t<div class=\"elementor-element elementor-element-e149a2b elementor-widget elementor-widget-heading\" data-id=\"e149a2b\" data-element_type=\"widget\" data-e-type=\"widget\" data-widget_type=\"heading.default\">\n\t\t\t\t<div class=\"elementor-widget-container\">\n\t\t\t\t\t<h6 class=\"elementor-heading-title elementor-size-default\">Projets Pentian<\/h6>\t\t\t\t<\/div>\n\t\t\t\t<\/div>\n\t\t\t\t<div class=\"elementor-element elementor-element-f80374e elementor-widget elementor-widget-heading\" data-id=\"f80374e\" data-element_type=\"widget\" data-e-type=\"widget\" data-widget_type=\"heading.default\">\n\t\t\t\t<div class=\"elementor-widget-container\">\n\t\t\t\t\t<h2 class=\"elementor-heading-title elementor-size-default\"> nous construisons votre r\u00eave<\/h2>\t\t\t\t<\/div>\n\t\t\t\t<\/div>\n\t\t\t\t<div class=\"elementor-element elementor-element-3fa5a44 elementor-widget elementor-widget-text-editor\" data-id=\"3fa5a44\" data-element_type=\"widget\" data-e-type=\"widget\" data-widget_type=\"text-editor.default\">\n\t\t\t\t<div class=\"elementor-widget-container\">\n\t\t\t\t\t\t\t\t\t<p>Pentian Group d\u00e9veloppe des projets uniques qui iront au-del\u00e0 de vos attentes. Laissez-nous vous montrer.<\/p>\n\t\t\t\t\t\t\t\t<\/div>\n\t\t\t\t<\/div>\n\t\t\t\t<div class=\"elementor-element elementor-element-6c3c915 elementor-mobile-align-center elementor-widget elementor-widget-button\" data-id=\"6c3c915\" data-element_type=\"widget\" data-e-type=\"widget\" data-widget_type=\"button.default\">\n\t\t\t\t<div class=\"elementor-widget-container\">\n\t\t\t\t\t\t\t\t\t<div class=\"elementor-button-wrapper\">\n\t\t\t\t\t<a class=\"elementor-button elementor-button-link elementor-size-sm\" href=\"https:\/\/pentian.ca\/fr\/projets\/\">\n\t\t\t\t\t\t<span class=\"elementor-button-content-wrapper\">\n\t\t\t\t\t\t\t\t\t<span class=\"elementor-button-text\"> jetez un \u0153il aux projets de pentian<\/span>\n\t\t\t\t\t<\/span>\n\t\t\t\t\t<\/a>\n\t\t\t\t<\/div>\n\t\t\t\t\t\t\t\t<\/div>\n\t\t\t\t<\/div>\n\t\t\t\t\t<\/div>\n\t\t<\/div>\n\t\t\t\t<div class=\"elementor-column elementor-col-50 elementor-top-column elementor-element elementor-element-deaa611\" data-id=\"deaa611\" data-element_type=\"column\" data-e-type=\"column\">\n\t\t\t<div class=\"elementor-widget-wrap elementor-element-populated\">\n\t\t\t\t\t\t<div class=\"elementor-element elementor-element-f76ff68 elementor-hidden-phone elementor-widget elementor-widget-image\" data-id=\"f76ff68\" data-element_type=\"widget\" data-e-type=\"widget\" data-widget_type=\"image.default\">\n\t\t\t\t<div class=\"elementor-widget-container\">\n\t\t\t\t\t\t\t\t\t\t\t\t\t\t\t<img loading=\"lazy\" decoding=\"async\" width=\"601\" height=\"400\" src=\"https:\/\/pentian.ca\/wp-content\/uploads\/2020\/12\/Grupe-Pentian-cle-en-main-1.jpg\" class=\"attachment-full size-full wp-image-1895\" alt=\"\" srcset=\"https:\/\/pentian.ca\/wp-content\/uploads\/2020\/12\/Grupe-Pentian-cle-en-main-1.jpg 601w, https:\/\/pentian.ca\/wp-content\/uploads\/2020\/12\/Grupe-Pentian-cle-en-main-1-300x200.jpg 300w\" sizes=\"(max-width: 601px) 100vw, 601px\" \/>\t\t\t\t\t\t\t\t\t\t\t\t\t\t\t<\/div>\n\t\t\t\t<\/div>\n\t\t\t\t\t<\/div>\n\t\t<\/div>\n\t\t\t\t\t<\/div>\n\t\t<\/section>\n\t\t\t\t<\/div>\n\t\t","protected":false},"excerpt":{"rendered":"<p>Obtenez du financement pour votre nouvelle maison : Calculez les versements de votre pr\u00eat hypoth\u00e9caireVenez nous visiter pour plus de d\u00e9tails concernant nos taux hypoth\u00e9caires pr\u00e9f\u00e9rentiels. Calculez les versements de votre pr\u00eat hypoth\u00e9caireVenez nous visiter pour plus de d\u00e9tails concernant nos taux hypoth\u00e9caires pr\u00e9f\u00e9rentiels. Outil de calcul de remboursement hypoth\u00e9caireVenez nous visiter pour plus de [&hellip;]<\/p>\n","protected":false},"author":3,"featured_media":0,"parent":0,"menu_order":0,"comment_status":"closed","ping_status":"closed","template":"","meta":{"site-sidebar-layout":"no-sidebar","site-content-layout":"page-builder","ast-site-content-layout":"default","site-content-style":"default","site-sidebar-style":"default","ast-global-header-display":"","ast-banner-title-visibility":"","ast-main-header-display":"","ast-hfb-above-header-display":"","ast-hfb-below-header-display":"","ast-hfb-mobile-header-display":"","site-post-title":"disabled","ast-breadcrumbs-content":"","ast-featured-img":"disabled","footer-sml-layout":"","ast-disable-related-posts":"","theme-transparent-header-meta":"default","adv-header-id-meta":"","stick-header-meta":"","header-above-stick-meta":"","header-main-stick-meta":"","header-below-stick-meta":"","astra-migrate-meta-layouts":"default","ast-page-background-enabled":"default","ast-page-background-meta":{"desktop":{"background-color":"","background-image":"","background-repeat":"repeat","background-position":"center center","background-size":"auto","background-attachment":"scroll","background-type":"","background-media":"","overlay-type":"","overlay-color":"","overlay-opacity":"","overlay-gradient":""},"tablet":{"background-color":"","background-image":"","background-repeat":"repeat","background-position":"center center","background-size":"auto","background-attachment":"scroll","background-type":"","background-media":"","overlay-type":"","overlay-color":"","overlay-opacity":"","overlay-gradient":""},"mobile":{"background-color":"","background-image":"","background-repeat":"repeat","background-position":"center center","background-size":"auto","background-attachment":"scroll","background-type":"","background-media":"","overlay-type":"","overlay-color":"","overlay-opacity":"","overlay-gradient":""}},"ast-content-background-meta":{"desktop":{"background-color":"var(--ast-global-color-5)","background-image":"","background-repeat":"repeat","background-position":"center center","background-size":"auto","background-attachment":"scroll","background-type":"","background-media":"","overlay-type":"","overlay-color":"","overlay-opacity":"","overlay-gradient":""},"tablet":{"background-color":"var(--ast-global-color-5)","background-image":"","background-repeat":"repeat","background-position":"center center","background-size":"auto","background-attachment":"scroll","background-type":"","background-media":"","overlay-type":"","overlay-color":"","overlay-opacity":"","overlay-gradient":""},"mobile":{"background-color":"var(--ast-global-color-5)","background-image":"","background-repeat":"repeat","background-position":"center center","background-size":"auto","background-attachment":"scroll","background-type":"","background-media":"","overlay-type":"","overlay-color":"","overlay-opacity":"","overlay-gradient":""}},"footnotes":""},"class_list":["post-2339","page","type-page","status-publish","hentry"],"yoast_head":"<!-- This site is optimized with the Yoast SEO plugin v27.3 - https:\/\/yoast.com\/product\/yoast-seo-wordpress\/ -->\n<title>Financement - Groupe Pentian<\/title>\n<meta name=\"robots\" content=\"index, follow, max-snippet:-1, max-image-preview:large, max-video-preview:-1\" \/>\n<link rel=\"canonical\" href=\"https:\/\/pentian.ca\/fr\/financement\/\" \/>\n<meta property=\"og:locale\" content=\"fr_FR\" \/>\n<meta property=\"og:type\" content=\"article\" \/>\n<meta property=\"og:title\" content=\"Financement - Groupe Pentian\" \/>\n<meta property=\"og:description\" content=\"Obtenez du financement pour votre nouvelle maison : Calculez les versements de votre pr\u00eat hypoth\u00e9caireVenez nous visiter pour plus de d\u00e9tails concernant nos taux hypoth\u00e9caires pr\u00e9f\u00e9rentiels. Calculez les versements de votre pr\u00eat hypoth\u00e9caireVenez nous visiter pour plus de d\u00e9tails concernant nos taux hypoth\u00e9caires pr\u00e9f\u00e9rentiels. Outil de calcul de remboursement hypoth\u00e9caireVenez nous visiter pour plus de [&hellip;]\" \/>\n<meta property=\"og:url\" content=\"https:\/\/pentian.ca\/fr\/financement\/\" \/>\n<meta property=\"og:site_name\" content=\"Groupe Pentian\" \/>\n<meta property=\"article:publisher\" content=\"https:\/\/www.facebook.com\/Groupe-Pentian-630124470364164\" \/>\n<meta property=\"article:modified_time\" content=\"2021-04-12T01:13:13+00:00\" \/>\n<meta property=\"og:image\" content=\"https:\/\/pentian.ca\/wp-content\/uploads\/2021\/03\/bmo.gif\" \/>\n<meta name=\"twitter:card\" content=\"summary_large_image\" \/>\n<meta name=\"twitter:label1\" content=\"Dur\u00e9e de lecture estim\u00e9e\" \/>\n\t<meta name=\"twitter:data1\" content=\"1 minute\" \/>\n<script type=\"application\/ld+json\" class=\"yoast-schema-graph\">{\"@context\":\"https:\\\/\\\/schema.org\",\"@graph\":[{\"@type\":\"WebPage\",\"@id\":\"https:\\\/\\\/pentian.ca\\\/fr\\\/financement\\\/\",\"url\":\"https:\\\/\\\/pentian.ca\\\/fr\\\/financement\\\/\",\"name\":\"Financement - Groupe Pentian\",\"isPartOf\":{\"@id\":\"https:\\\/\\\/pentian.ca\\\/fr\\\/#website\"},\"primaryImageOfPage\":{\"@id\":\"https:\\\/\\\/pentian.ca\\\/fr\\\/financement\\\/#primaryimage\"},\"image\":{\"@id\":\"https:\\\/\\\/pentian.ca\\\/fr\\\/financement\\\/#primaryimage\"},\"thumbnailUrl\":\"https:\\\/\\\/pentian.ca\\\/wp-content\\\/uploads\\\/2021\\\/03\\\/bmo.gif\",\"datePublished\":\"2021-03-11T18:10:08+00:00\",\"dateModified\":\"2021-04-12T01:13:13+00:00\",\"breadcrumb\":{\"@id\":\"https:\\\/\\\/pentian.ca\\\/fr\\\/financement\\\/#breadcrumb\"},\"inLanguage\":\"fr-FR\",\"potentialAction\":[{\"@type\":\"ReadAction\",\"target\":[\"https:\\\/\\\/pentian.ca\\\/fr\\\/financement\\\/\"]}]},{\"@type\":\"ImageObject\",\"inLanguage\":\"fr-FR\",\"@id\":\"https:\\\/\\\/pentian.ca\\\/fr\\\/financement\\\/#primaryimage\",\"url\":\"https:\\\/\\\/pentian.ca\\\/wp-content\\\/uploads\\\/2021\\\/03\\\/bmo.gif\",\"contentUrl\":\"https:\\\/\\\/pentian.ca\\\/wp-content\\\/uploads\\\/2021\\\/03\\\/bmo.gif\"},{\"@type\":\"BreadcrumbList\",\"@id\":\"https:\\\/\\\/pentian.ca\\\/fr\\\/financement\\\/#breadcrumb\",\"itemListElement\":[{\"@type\":\"ListItem\",\"position\":1,\"name\":\"Accueil\",\"item\":\"https:\\\/\\\/pentian.ca\\\/fr\\\/\"},{\"@type\":\"ListItem\",\"position\":2,\"name\":\"Financement\"}]},{\"@type\":\"WebSite\",\"@id\":\"https:\\\/\\\/pentian.ca\\\/fr\\\/#website\",\"url\":\"https:\\\/\\\/pentian.ca\\\/fr\\\/\",\"name\":\"Groupe Pentian\",\"description\":\"MASTER BUILDER AND REAL ESTATE DEVELOPER SINCE 1997\",\"publisher\":{\"@id\":\"https:\\\/\\\/pentian.ca\\\/fr\\\/#organization\"},\"potentialAction\":[{\"@type\":\"SearchAction\",\"target\":{\"@type\":\"EntryPoint\",\"urlTemplate\":\"https:\\\/\\\/pentian.ca\\\/fr\\\/?s={search_term_string}\"},\"query-input\":{\"@type\":\"PropertyValueSpecification\",\"valueRequired\":true,\"valueName\":\"search_term_string\"}}],\"inLanguage\":\"fr-FR\"},{\"@type\":\"Organization\",\"@id\":\"https:\\\/\\\/pentian.ca\\\/fr\\\/#organization\",\"name\":\"Pentian Group\",\"url\":\"https:\\\/\\\/pentian.ca\\\/fr\\\/\",\"logo\":{\"@type\":\"ImageObject\",\"inLanguage\":\"fr-FR\",\"@id\":\"https:\\\/\\\/pentian.ca\\\/fr\\\/#\\\/schema\\\/logo\\\/image\\\/\",\"url\":\"https:\\\/\\\/pentian.ca\\\/wp-content\\\/uploads\\\/2021\\\/04\\\/GROUPE-PENTIAN_LOGO-2015.png\",\"contentUrl\":\"https:\\\/\\\/pentian.ca\\\/wp-content\\\/uploads\\\/2021\\\/04\\\/GROUPE-PENTIAN_LOGO-2015.png\",\"width\":1500,\"height\":916,\"caption\":\"Pentian Group\"},\"image\":{\"@id\":\"https:\\\/\\\/pentian.ca\\\/fr\\\/#\\\/schema\\\/logo\\\/image\\\/\"},\"sameAs\":[\"https:\\\/\\\/www.facebook.com\\\/Groupe-Pentian-630124470364164\",\"https:\\\/\\\/www.instagram.com\\\/groupepentian\\\/?hl=fr\",\"https:\\\/\\\/www.linkedin.com\\\/company\\\/groupe-pentian\\\/\"]}]}<\/script>\n<!-- \/ Yoast SEO plugin. -->","yoast_head_json":{"title":"Financement - Groupe Pentian","robots":{"index":"index","follow":"follow","max-snippet":"max-snippet:-1","max-image-preview":"max-image-preview:large","max-video-preview":"max-video-preview:-1"},"canonical":"https:\/\/pentian.ca\/fr\/financement\/","og_locale":"fr_FR","og_type":"article","og_title":"Financement - Groupe Pentian","og_description":"Obtenez du financement pour votre nouvelle maison : Calculez les versements de votre pr\u00eat hypoth\u00e9caireVenez nous visiter pour plus de d\u00e9tails concernant nos taux hypoth\u00e9caires pr\u00e9f\u00e9rentiels. Calculez les versements de votre pr\u00eat hypoth\u00e9caireVenez nous visiter pour plus de d\u00e9tails concernant nos taux hypoth\u00e9caires pr\u00e9f\u00e9rentiels. Outil de calcul de remboursement hypoth\u00e9caireVenez nous visiter pour plus de [&hellip;]","og_url":"https:\/\/pentian.ca\/fr\/financement\/","og_site_name":"Groupe Pentian","article_publisher":"https:\/\/www.facebook.com\/Groupe-Pentian-630124470364164","article_modified_time":"2021-04-12T01:13:13+00:00","og_image":[{"url":"https:\/\/pentian.ca\/wp-content\/uploads\/2021\/03\/bmo.gif","type":"","width":"","height":""}],"twitter_card":"summary_large_image","twitter_misc":{"Dur\u00e9e de lecture estim\u00e9e":"1 minute"},"schema":{"@context":"https:\/\/schema.org","@graph":[{"@type":"WebPage","@id":"https:\/\/pentian.ca\/fr\/financement\/","url":"https:\/\/pentian.ca\/fr\/financement\/","name":"Financement - Groupe Pentian","isPartOf":{"@id":"https:\/\/pentian.ca\/fr\/#website"},"primaryImageOfPage":{"@id":"https:\/\/pentian.ca\/fr\/financement\/#primaryimage"},"image":{"@id":"https:\/\/pentian.ca\/fr\/financement\/#primaryimage"},"thumbnailUrl":"https:\/\/pentian.ca\/wp-content\/uploads\/2021\/03\/bmo.gif","datePublished":"2021-03-11T18:10:08+00:00","dateModified":"2021-04-12T01:13:13+00:00","breadcrumb":{"@id":"https:\/\/pentian.ca\/fr\/financement\/#breadcrumb"},"inLanguage":"fr-FR","potentialAction":[{"@type":"ReadAction","target":["https:\/\/pentian.ca\/fr\/financement\/"]}]},{"@type":"ImageObject","inLanguage":"fr-FR","@id":"https:\/\/pentian.ca\/fr\/financement\/#primaryimage","url":"https:\/\/pentian.ca\/wp-content\/uploads\/2021\/03\/bmo.gif","contentUrl":"https:\/\/pentian.ca\/wp-content\/uploads\/2021\/03\/bmo.gif"},{"@type":"BreadcrumbList","@id":"https:\/\/pentian.ca\/fr\/financement\/#breadcrumb","itemListElement":[{"@type":"ListItem","position":1,"name":"Accueil","item":"https:\/\/pentian.ca\/fr\/"},{"@type":"ListItem","position":2,"name":"Financement"}]},{"@type":"WebSite","@id":"https:\/\/pentian.ca\/fr\/#website","url":"https:\/\/pentian.ca\/fr\/","name":"Groupe Pentian","description":"MASTER BUILDER AND REAL ESTATE DEVELOPER SINCE 1997","publisher":{"@id":"https:\/\/pentian.ca\/fr\/#organization"},"potentialAction":[{"@type":"SearchAction","target":{"@type":"EntryPoint","urlTemplate":"https:\/\/pentian.ca\/fr\/?s={search_term_string}"},"query-input":{"@type":"PropertyValueSpecification","valueRequired":true,"valueName":"search_term_string"}}],"inLanguage":"fr-FR"},{"@type":"Organization","@id":"https:\/\/pentian.ca\/fr\/#organization","name":"Pentian Group","url":"https:\/\/pentian.ca\/fr\/","logo":{"@type":"ImageObject","inLanguage":"fr-FR","@id":"https:\/\/pentian.ca\/fr\/#\/schema\/logo\/image\/","url":"https:\/\/pentian.ca\/wp-content\/uploads\/2021\/04\/GROUPE-PENTIAN_LOGO-2015.png","contentUrl":"https:\/\/pentian.ca\/wp-content\/uploads\/2021\/04\/GROUPE-PENTIAN_LOGO-2015.png","width":1500,"height":916,"caption":"Pentian Group"},"image":{"@id":"https:\/\/pentian.ca\/fr\/#\/schema\/logo\/image\/"},"sameAs":["https:\/\/www.facebook.com\/Groupe-Pentian-630124470364164","https:\/\/www.instagram.com\/groupepentian\/?hl=fr","https:\/\/www.linkedin.com\/company\/groupe-pentian\/"]}]}},"_links":{"self":[{"href":"https:\/\/pentian.ca\/fr\/wp-json\/wp\/v2\/pages\/2339","targetHints":{"allow":["GET"]}}],"collection":[{"href":"https:\/\/pentian.ca\/fr\/wp-json\/wp\/v2\/pages"}],"about":[{"href":"https:\/\/pentian.ca\/fr\/wp-json\/wp\/v2\/types\/page"}],"author":[{"embeddable":true,"href":"https:\/\/pentian.ca\/fr\/wp-json\/wp\/v2\/users\/3"}],"replies":[{"embeddable":true,"href":"https:\/\/pentian.ca\/fr\/wp-json\/wp\/v2\/comments?post=2339"}],"version-history":[{"count":0,"href":"https:\/\/pentian.ca\/fr\/wp-json\/wp\/v2\/pages\/2339\/revisions"}],"wp:attachment":[{"href":"https:\/\/pentian.ca\/fr\/wp-json\/wp\/v2\/media?parent=2339"}],"curies":[{"name":"wp","href":"https:\/\/api.w.org\/{rel}","templated":true}]}}